{"id":3279,"date":"2023-10-16T10:48:18","date_gmt":"2023-10-16T08:48:18","guid":{"rendered":"https:\/\/latelierduvelo.org\/?page_id=3279"},"modified":"2026-03-10T17:50:41","modified_gmt":"2026-03-10T16:50:41","slug":"actualites","status":"publish","type":"page","link":"https:\/\/latelierduvelo.org\/index.php\/actualites\/","title":{"rendered":"Actualit\u00e9s"},"content":{"rendered":"\t\t<div data-elementor-type=\"wp-page\" data-elementor-id=\"3279\" class=\"elementor elementor-3279\">\n\t\t\t\t\t\t<section class=\"elementor-section elementor-top-section elementor-element elementor-element-ca7541c elementor-section-height-min-height elementor-section-content-space-between elementor-section-full_width elementor-section-height-default elementor-section-items-middle\" data-id=\"ca7541c\" data-element_type=\"section\" data-settings=\"{&quot;background_background&quot;:&quot;classic&quot;}\">\n\t\t\t\t\t\t\t<div class=\"elementor-background-overlay\"><\/div>\n\t\t\t\t\t\t\t<div class=\"elementor-container elementor-column-gap-default\">\n\t\t\t\t\t<div class=\"elementor-column elementor-col-100 elementor-top-column elementor-element elementor-element-01abe9d\" data-id=\"01abe9d\" data-element_type=\"column\">\n\t\t\t<div class=\"elementor-widget-wrap\">\n\t\t\t\t\t\t\t<\/div>\n\t\t<\/div>\n\t\t\t\t\t<\/div>\n\t\t<\/section>\n\t\t<div class=\"elementor-element elementor-element-3151e14 e-grid e-con-boxed e-con e-parent\" data-id=\"3151e14\" data-element_type=\"container\" data-settings=\"{&quot;background_background&quot;:&quot;classic&quot;}\">\n\t\t\t\t\t<div class=\"e-con-inner\">\n\t\t\t\t<div class=\"elementor-element elementor-element-5751c22 elementor-widget elementor-widget-text-editor\" data-id=\"5751c22\" data-element_type=\"widget\" data-widget_type=\"text-editor.default\">\n\t\t\t\t<div class=\"elementor-widget-container\">\n\t\t\t\t\t\t\t\t\t<p><strong>Une permanence de L&rsquo;atelier du v\u00e9lo se d\u00e9roule chaque samedi de 9h00 &#8211; 12h00 dans les locaux de l&rsquo;Agopop.<\/strong><\/p>\t\t\t\t\t\t\t\t<\/div>\n\t\t\t\t<\/div>\n\t\t\t\t\t<\/div>\n\t\t\t\t<\/div>\n\t\t\t\t<section class=\"elementor-section elementor-top-section elementor-element elementor-element-7701125 elementor-section-boxed elementor-section-height-default elementor-section-height-default\" data-id=\"7701125\" data-element_type=\"section\">\n\t\t\t\t\t\t<div class=\"elementor-container elementor-column-gap-default\">\n\t\t\t\t\t<div class=\"elementor-column elementor-col-100 elementor-top-column elementor-element elementor-element-9ad04ba\" data-id=\"9ad04ba\" data-element_type=\"column\">\n\t\t\t<div class=\"elementor-widget-wrap elementor-element-populated\">\n\t\t\t\t\t\t<div class=\"elementor-element elementor-element-13ae7bf elementor-widget elementor-widget-heading\" data-id=\"13ae7bf\" data-element_type=\"widget\" data-widget_type=\"heading.default\">\n\t\t\t\t<div class=\"elementor-widget-container\">\n\t\t\t\t\t<h2 class=\"elementor-heading-title elementor-size-default\">Derni\u00e8res actualit\u00e9s<\/h2>\t\t\t\t<\/div>\n\t\t\t\t<\/div>\n\t\t\t\t<div class=\"elementor-element elementor-element-c259883 elementor-align-center elementor-widget elementor-widget-button\" data-id=\"c259883\" data-element_type=\"widget\" data-widget_type=\"button.default\">\n\t\t\t\t<div class=\"elementor-widget-container\">\n\t\t\t\t\t\t\t\t\t<div class=\"elementor-button-wrapper\">\n\t\t\t\t\t<a class=\"elementor-button elementor-button-link elementor-size-sm\" href=\"#\">\n\t\t\t\t\t\t<span class=\"elementor-button-content-wrapper\">\n\t\t\t\t\t\t\t\t\t<span class=\"elementor-button-text\">R\u00e9ouverture le 14 mars 2026<\/span>\n\t\t\t\t\t<\/span>\n\t\t\t\t\t<\/a>\n\t\t\t\t<\/div>\n\t\t\t\t\t\t\t\t<\/div>\n\t\t\t\t<\/div>\n\t\t<div class=\"elementor-element elementor-element-ba079aa e-con-full e-flex e-con e-parent\" data-id=\"ba079aa\" data-element_type=\"container\">\n\t\t<div class=\"elementor-element elementor-element-7100526 e-con-full e-flex e-con e-child\" data-id=\"7100526\" data-element_type=\"container\">\n\t\t\t\t<div class=\"elementor-element elementor-element-8b2719c elementor-widget elementor-widget-image\" data-id=\"8b2719c\" data-element_type=\"widget\" data-widget_type=\"image.default\">\n\t\t\t\t<div class=\"elementor-widget-container\">\n\t\t\t\t\t\t\t\t\t\t\t\t\t\t\t<img fetchpriority=\"high\" decoding=\"async\" width=\"800\" height=\"1200\" src=\"https:\/\/latelierduvelo.org\/wp-content\/uploads\/2026\/01\/atelier-velos2.jpg\" class=\"attachment-full size-full wp-image-4302\" alt=\"\" srcset=\"https:\/\/latelierduvelo.org\/wp-content\/uploads\/2026\/01\/atelier-velos2.jpg 800w, https:\/\/latelierduvelo.org\/wp-content\/uploads\/2026\/01\/atelier-velos2-200x300.jpg 200w, https:\/\/latelierduvelo.org\/wp-content\/uploads\/2026\/01\/atelier-velos2-683x1024.jpg 683w, https:\/\/latelierduvelo.org\/wp-content\/uploads\/2026\/01\/atelier-velos2-768x1152.jpg 768w\" sizes=\"(max-width: 800px) 100vw, 800px\" \/>\t\t\t\t\t\t\t\t\t\t\t\t\t\t\t<\/div>\n\t\t\t\t<\/div>\n\t\t\t\t<div class=\"elementor-element elementor-element-102e6f7 elementor-widget elementor-widget-image-box\" data-id=\"102e6f7\" data-element_type=\"widget\" data-widget_type=\"image-box.default\">\n\t\t\t\t<div class=\"elementor-widget-container\">\n\t\t\t\t\t<div class=\"elementor-image-box-wrapper\"><div class=\"elementor-image-box-content\"><h3 class=\"elementor-image-box-title\">Bourse <br>aux v\u00e9los<\/h3><p class=\"elementor-image-box-description\"><b>L\u2019Atelier du V\u00e9lo<\/b> organise sa toute premi\u00e8re <b>bourse aux v\u00e9los<\/b> ! \n<br><br>\nSamedi 28 mars<br>Jardin de l'Agopop<br>Villard de Lans<br><br>Une occasion id\u00e9ale pour vendre, acheter ou donner une <b>seconde vie<\/b> \u00e0 un v\u00e9lo, dans une ambiance conviviale et locale.<\/p><br><p>Venez nombreux partager votre passion du v\u00e9lo et soutenir la mobilit\u00e9 durable !<\/p><\/p><\/div><\/div>\t\t\t\t<\/div>\n\t\t\t\t<\/div>\n\t\t\t\t<div class=\"elementor-element elementor-element-b101b67 elementor-align-center elementor-widget elementor-widget-button\" data-id=\"b101b67\" data-element_type=\"widget\" data-widget_type=\"button.default\">\n\t\t\t\t<div class=\"elementor-widget-container\">\n\t\t\t\t\t\t\t\t\t<div class=\"elementor-button-wrapper\">\n\t\t\t\t\t<a class=\"elementor-button elementor-button-link elementor-size-sm\" href=\"http:\/\/latelierduvelo.org\/wp-content\/uploads\/2026\/01\/flyer-bourse-velos.jpg\" target=\"_blank\">\n\t\t\t\t\t\t<span class=\"elementor-button-content-wrapper\">\n\t\t\t\t\t\t\t\t\t<span class=\"elementor-button-text\">T\u00e9l\u00e9chargez le programme<\/span>\n\t\t\t\t\t<\/span>\n\t\t\t\t\t<\/a>\n\t\t\t\t<\/div>\n\t\t\t\t\t\t\t\t<\/div>\n\t\t\t\t<\/div>\n\t\t\t\t<\/div>\n\t\t<div class=\"elementor-element elementor-element-539dc5a e-con-full e-flex e-con e-child\" data-id=\"539dc5a\" data-element_type=\"container\">\n\t\t\t\t<div class=\"elementor-element elementor-element-bab4554 elementor-widget elementor-widget-image\" data-id=\"bab4554\" data-element_type=\"widget\" data-widget_type=\"image.default\">\n\t\t\t\t<div class=\"elementor-widget-container\">\n\t\t\t\t\t\t\t\t\t\t\t\t\t\t\t<img decoding=\"async\" width=\"800\" height=\"1200\" src=\"https:\/\/latelierduvelo.org\/wp-content\/uploads\/2026\/01\/velo-atelier.jpg\" class=\"attachment-full size-full wp-image-4298\" alt=\"\" srcset=\"https:\/\/latelierduvelo.org\/wp-content\/uploads\/2026\/01\/velo-atelier.jpg 800w, https:\/\/latelierduvelo.org\/wp-content\/uploads\/2026\/01\/velo-atelier-200x300.jpg 200w, https:\/\/latelierduvelo.org\/wp-content\/uploads\/2026\/01\/velo-atelier-683x1024.jpg 683w, https:\/\/latelierduvelo.org\/wp-content\/uploads\/2026\/01\/velo-atelier-768x1152.jpg 768w\" sizes=\"(max-width: 800px) 100vw, 800px\" \/>\t\t\t\t\t\t\t\t\t\t\t\t\t\t\t<\/div>\n\t\t\t\t<\/div>\n\t\t\t\t<div class=\"elementor-element elementor-element-1553556 elementor-widget elementor-widget-image-box\" data-id=\"1553556\" data-element_type=\"widget\" data-widget_type=\"image-box.default\">\n\t\t\t\t<div class=\"elementor-widget-container\">\n\t\t\t\t\t<div class=\"elementor-image-box-wrapper\"><div class=\"elementor-image-box-content\"><h3 class=\"elementor-image-box-title\">Stages de<br> formation<\/h3><p class=\"elementor-image-box-description\">Profitez de l\u2019hiver pour prendre soin de votre v\u00e9lo et<b> apprendre<\/b> \u00e0 le r\u00e9parer vous-m\u00eame !<br>\nDes stages pratiques et conviviaux pour d\u00e9couvrir les gestes essentiels et mieux comprendre votre v\u00e9lo.  <br><br>\n<b>Programme hivernal\u00a0<\/b><br>\nSamedi 24 janvier - Transmission<br>\nSamedi 31 janvier - Direction\/fourche<br>\nSamedi 28 f\u00e9vrier - Freinage<br>\nSamedi 7 mars-Roue<br><br>\n\n<\/p><\/div><\/div>\t\t\t\t<\/div>\n\t\t\t\t<\/div>\n\t\t\t\t<div class=\"elementor-element elementor-element-7aedcd2 elementor-align-center elementor-widget elementor-widget-button\" data-id=\"7aedcd2\" data-element_type=\"widget\" data-widget_type=\"button.default\">\n\t\t\t\t<div class=\"elementor-widget-container\">\n\t\t\t\t\t\t\t\t\t<div class=\"elementor-button-wrapper\">\n\t\t\t\t\t<a class=\"elementor-button elementor-button-link elementor-size-sm\" href=\"https:\/\/latelierduvelo.org\/wp-content\/uploads\/2026\/01\/formation-atelier-velo.pdf\" target=\"_blank\">\n\t\t\t\t\t\t<span class=\"elementor-button-content-wrapper\">\n\t\t\t\t\t\t\t\t\t<span class=\"elementor-button-text\">T\u00e9l\u00e9chargez le programme<\/span>\n\t\t\t\t\t<\/span>\n\t\t\t\t\t<\/a>\n\t\t\t\t<\/div>\n\t\t\t\t\t\t\t\t<\/div>\n\t\t\t\t<\/div>\n\t\t\t\t<\/div>\n\t\t<div class=\"elementor-element elementor-element-92c68c7 e-con-full e-flex e-con e-child\" data-id=\"92c68c7\" data-element_type=\"container\">\n\t\t\t\t<div class=\"elementor-element elementor-element-ac87bc3 elementor-widget elementor-widget-image\" data-id=\"ac87bc3\" data-element_type=\"widget\" data-widget_type=\"image.default\">\n\t\t\t\t<div class=\"elementor-widget-container\">\n\t\t\t\t\t\t\t\t\t\t\t\t\t\t\t<img decoding=\"async\" width=\"800\" height=\"1200\" src=\"https:\/\/latelierduvelo.org\/wp-content\/uploads\/2023\/10\/velos-atelier.jpg\" class=\"attachment-full size-full wp-image-3296\" alt=\"v\u00e9los recycl\u00e9s\" srcset=\"https:\/\/latelierduvelo.org\/wp-content\/uploads\/2023\/10\/velos-atelier.jpg 800w, https:\/\/latelierduvelo.org\/wp-content\/uploads\/2023\/10\/velos-atelier-200x300.jpg 200w, https:\/\/latelierduvelo.org\/wp-content\/uploads\/2023\/10\/velos-atelier-683x1024.jpg 683w, https:\/\/latelierduvelo.org\/wp-content\/uploads\/2023\/10\/velos-atelier-768x1152.jpg 768w\" sizes=\"(max-width: 800px) 100vw, 800px\" \/>\t\t\t\t\t\t\t\t\t\t\t\t\t\t\t<\/div>\n\t\t\t\t<\/div>\n\t\t\t\t<div class=\"elementor-element elementor-element-541ae41 elementor-widget elementor-widget-image-box\" data-id=\"541ae41\" data-element_type=\"widget\" data-widget_type=\"image-box.default\">\n\t\t\t\t<div class=\"elementor-widget-container\">\n\t\t\t\t\t<div class=\"elementor-image-box-wrapper\"><div class=\"elementor-image-box-content\"><h3 class=\"elementor-image-box-title\">V\u00e9los recycl\u00e9s<br>\u00e0 vendre<\/h3><p class=\"elementor-image-box-description\">Nombreuses sont les personnes qui ont opt\u00e9 pour le choix de nous apporter leurs vieux v\u00e9los plut\u00f4t que de les jeter. <br><br>Les b\u00e9n\u00e9voles de l'atelier ont mis tout leur c\u0153ur et toutes leurs comp\u00e9tences pour redonner une nouvelles vie \u00e0 ces v\u00e9los. <br><br>Pour de modiques sommes,  l'Atelier du v\u00e9lo vous propose quelques v\u00e9los qui ne demande qu'\u00e0 repartir sur les routes.<br><br><br><\/p><\/div><\/div>\t\t\t\t<\/div>\n\t\t\t\t<\/div>\n\t\t\t\t<div class=\"elementor-element elementor-element-5854b79 elementor-align-center elementor-widget elementor-widget-button\" data-id=\"5854b79\" data-element_type=\"widget\" data-widget_type=\"button.default\">\n\t\t\t\t<div class=\"elementor-widget-container\">\n\t\t\t\t\t\t\t\t\t<div class=\"elementor-button-wrapper\">\n\t\t\t\t\t<a class=\"elementor-button elementor-button-link elementor-size-sm\" href=\"https:\/\/latelierduvelo.org\/index.php\/recyclette\/\">\n\t\t\t\t\t\t<span class=\"elementor-button-content-wrapper\">\n\t\t\t\t\t\t\t\t\t<span class=\"elementor-button-text\">A d\u00e9couvrir<\/span>\n\t\t\t\t\t<\/span>\n\t\t\t\t\t<\/a>\n\t\t\t\t<\/div>\n\t\t\t\t\t\t\t\t<\/div>\n\t\t\t\t<\/div>\n\t\t\t\t<\/div>\n\t\t\t\t<\/div>\n\t\t\t\t\t<\/div>\n\t\t<\/div>\n\t\t\t\t\t<\/div>\n\t\t<\/section>\n\t\t<div class=\"elementor-element elementor-element-5cec8ac e-flex e-con-boxed e-con e-parent\" data-id=\"5cec8ac\" data-element_type=\"container\" data-settings=\"{&quot;background_background&quot;:&quot;slideshow&quot;,&quot;background_slideshow_gallery&quot;:[{&quot;id&quot;:2110,&quot;url&quot;:&quot;http:\\\/\\\/latelierduvelo.org\\\/wp-content\\\/uploads\\\/2023\\\/09\\\/background-outils-2.jpg&quot;}],&quot;background_slideshow_loop&quot;:&quot;yes&quot;,&quot;background_slideshow_slide_duration&quot;:5000,&quot;background_slideshow_slide_transition&quot;:&quot;fade&quot;,&quot;background_slideshow_transition_duration&quot;:500}\">\n\t\t\t\t\t<div class=\"e-con-inner\">\n\t\t<div class=\"elementor-element elementor-element-75208ee e-con-full e-flex e-con e-child\" data-id=\"75208ee\" data-element_type=\"container\" data-settings=\"{&quot;background_background&quot;:&quot;classic&quot;}\">\n\t\t\t\t<div class=\"elementor-element elementor-element-79e9fac elementor-widget elementor-widget-heading\" data-id=\"79e9fac\" data-element_type=\"widget\" data-widget_type=\"heading.default\">\n\t\t\t\t<div class=\"elementor-widget-container\">\n\t\t\t\t\t<h2 class=\"elementor-heading-title elementor-size-default\">Pour nous rejoindre :<\/h2>\t\t\t\t<\/div>\n\t\t\t\t<\/div>\n\t\t\t\t<div class=\"elementor-element elementor-element-7d54a77 elementor-widget elementor-widget-text-editor\" data-id=\"7d54a77\" data-element_type=\"widget\" data-widget_type=\"text-editor.default\">\n\t\t\t\t<div class=\"elementor-widget-container\">\n\t\t\t\t\t\t\t\t\t<p>L&rsquo;Atelier du v\u00e9lo est h\u00e9berg\u00e9 dans les locaux de l&rsquo;AGOPOP \u00e0 Villard de Lans. <br \/>30 rue du professeur Beaudoing<br \/>38250 Villard de Lans<br \/>T\u00e8l : 06.95.82.57.57<\/p>\n<p>Des permanences ont lieux chaque samedi de 9H00 \u00e0 12H00<\/p>\n<p>Samedi des vacances scolaires : ouverture selon la mar\u00e9e<\/p>\t\t\t\t\t\t\t\t<\/div>\n\t\t\t\t<\/div>\n\t\t\t\t<div class=\"elementor-element elementor-element-9eecf43 elementor-align-center elementor-widget elementor-widget-button\" data-id=\"9eecf43\" data-element_type=\"widget\" data-widget_type=\"button.default\">\n\t\t\t\t<div class=\"elementor-widget-container\">\n\t\t\t\t\t\t\t\t\t<div class=\"elementor-button-wrapper\">\n\t\t\t\t\t<a class=\"elementor-button elementor-button-link elementor-size-sm\" href=\"https:\/\/latelierduvelo.org\/index.php\/contact\/\">\n\t\t\t\t\t\t<span class=\"elementor-button-content-wrapper\">\n\t\t\t\t\t\t\t\t\t<span class=\"elementor-button-text\">Nous contacter !!!<\/span>\n\t\t\t\t\t<\/span>\n\t\t\t\t\t<\/a>\n\t\t\t\t<\/div>\n\t\t\t\t\t\t\t\t<\/div>\n\t\t\t\t<\/div>\n\t\t\t\t<\/div>\n\t\t<div class=\"elementor-element elementor-element-66ff1d7 elementor-hidden-mobile e-con-full e-flex e-con e-child\" data-id=\"66ff1d7\" data-element_type=\"container\">\n\t\t\t\t<div class=\"elementor-element elementor-element-e04ecc1 elementor-widget elementor-widget-image\" data-id=\"e04ecc1\" data-element_type=\"widget\" data-widget_type=\"image.default\">\n\t\t\t\t<div class=\"elementor-widget-container\">\n\t\t\t\t\t\t\t\t\t\t\t\t\t\t\t<img loading=\"lazy\" decoding=\"async\" width=\"1000\" height=\"750\" src=\"https:\/\/latelierduvelo.org\/wp-content\/uploads\/2025\/06\/photos-atelier-eric-1.jpeg\" class=\"attachment-full size-full wp-image-4166\" alt=\"atelier-velo\" srcset=\"https:\/\/latelierduvelo.org\/wp-content\/uploads\/2025\/06\/photos-atelier-eric-1.jpeg 1000w, https:\/\/latelierduvelo.org\/wp-content\/uploads\/2025\/06\/photos-atelier-eric-1-300x225.jpeg 300w, https:\/\/latelierduvelo.org\/wp-content\/uploads\/2025\/06\/photos-atelier-eric-1-768x576.jpeg 768w\" sizes=\"(max-width: 1000px) 100vw, 1000px\" \/>\t\t\t\t\t\t\t\t\t\t\t\t\t\t\t<\/div>\n\t\t\t\t<\/div>\n\t\t\t\t<\/div>\n\t\t\t\t\t<\/div>\n\t\t\t\t<\/div>\n\t\t\t\t<section class=\"elementor-section elementor-top-section elementor-element elementor-element-2d8ba58 elementor-section-boxed elementor-section-height-default elementor-section-height-default\" data-id=\"2d8ba58\" data-element_type=\"section\" data-settings=\"{&quot;background_background&quot;:&quot;classic&quot;}\">\n\t\t\t\t\t\t<div class=\"elementor-container elementor-column-gap-default\">\n\t\t\t\t\t<div class=\"elementor-column elementor-col-100 elementor-top-column elementor-element elementor-element-ba33ca0\" data-id=\"ba33ca0\" data-element_type=\"column\">\n\t\t\t<div class=\"elementor-widget-wrap elementor-element-populated\">\n\t\t\t\t\t\t<div class=\"elementor-element elementor-element-d278a40 elementor-widget elementor-widget-heading\" data-id=\"d278a40\" data-element_type=\"widget\" data-widget_type=\"heading.default\">\n\t\t\t\t<div class=\"elementor-widget-container\">\n\t\t\t\t\t<h4 class=\"elementor-heading-title elementor-size-default\">\u201cSi vous saviez comme les b\u00e9n\u00e9voles de l'Atelier du v\u00e9lo m'ont appris \u00e0 retap\u00e9 mon v\u00e9lo. Ils sont incroyables ces gars l\u00e0. Trois d\u00e9montes pneu dans les mains, un peu de colle et une rustine,  un peu de patience et je pense \u00eatre capable maintenant  de r\u00e9parer ma roue si je cr\u00e8ve en chemin. <br>\n\nGrand merci \u201c<\/h4>\t\t\t\t<\/div>\n\t\t\t\t<\/div>\n\t\t\t\t<div class=\"elementor-element elementor-element-4b72f5b elementor-widget elementor-widget-image\" data-id=\"4b72f5b\" data-element_type=\"widget\" data-widget_type=\"image.default\">\n\t\t\t\t<div class=\"elementor-widget-container\">\n\t\t\t\t\t\t\t\t\t\t\t\t\t\t\t<img loading=\"lazy\" decoding=\"async\" width=\"104\" height=\"152\" src=\"https:\/\/latelierduvelo.org\/wp-content\/uploads\/2023\/10\/portrait2.png\" class=\"attachment-full size-full wp-image-3297\" alt=\"portrait\" \/>\t\t\t\t\t\t\t\t\t\t\t\t\t\t\t<\/div>\n\t\t\t\t<\/div>\n\t\t\t\t<div class=\"elementor-element elementor-element-521859e elementor-widget elementor-widget-heading\" data-id=\"521859e\" data-element_type=\"widget\" data-widget_type=\"heading.default\">\n\t\t\t\t<div class=\"elementor-widget-container\">\n\t\t\t\t\t<h4 class=\"elementor-heading-title elementor-size-default\">Violaine<\/h4>\t\t\t\t<\/div>\n\t\t\t\t<\/div>\n\t\t\t\t\t<\/div>\n\t\t<\/div>\n\t\t\t\t\t<\/div>\n\t\t<\/section>\n\t\t\t\t<\/div>\n\t\t","protected":false},"excerpt":{"rendered":"<p>Une permanence de L&rsquo;atelier du v\u00e9lo se d\u00e9roule chaque samedi de 9h00 &#8211; 12h00 dans les locaux de l&rsquo;Agopop. Derni\u00e8res actualit\u00e9s R\u00e9ouverture le 14 mars 2026 Bourse aux v\u00e9los L\u2019Atelier du V\u00e9lo organise sa toute premi\u00e8re bourse aux v\u00e9los ! Samedi 28 marsJardin de l&rsquo;AgopopVillard de Lans Une occasion id\u00e9ale pour vendre, acheter ou donner [&hellip;]<\/p>\n","protected":false},"author":1,"featured_media":0,"parent":0,"menu_order":0,"comment_status":"closed","ping_status":"closed","template":"","meta":{"site-sidebar-layout":"no-sidebar","site-content-layout":"page-builder","ast-site-content-layout":"full-width-container","site-content-style":"unboxed","site-sidebar-style":"unboxed","ast-global-header-display":"","ast-banner-title-visibility":"","ast-main-header-display":"","ast-hfb-above-header-display":"","ast-hfb-below-header-display":"","ast-hfb-mobile-header-display":"","site-post-title":"disabled","ast-breadcrumbs-content":"","ast-featured-img":"disabled","footer-sml-layout":"","ast-disable-related-posts":"","theme-transparent-header-meta":"enabled","adv-header-id-meta":"","stick-header-meta":"","header-above-stick-meta":"","header-main-stick-meta":"","header-below-stick-meta":"","astra-migrate-meta-layouts":"set","ast-page-background-enabled":"default","ast-page-background-meta":{"desktop":{"background-color":"var(--ast-global-color-4)","background-image":"","background-repeat":"repeat","background-position":"center center","background-size":"auto","background-attachment":"scroll","background-type":"","background-media":"","overlay-type":"","overlay-color":"","overlay-opacity":"","overlay-gradient":""},"tablet":{"background-color":"","background-image":"","background-repeat":"repeat","background-position":"center center","background-size":"auto","background-attachment":"scroll","background-type":"","background-media":"","overlay-type":"","overlay-color":"","overlay-opacity":"","overlay-gradient":""},"mobile":{"background-color":"","background-image":"","background-repeat":"repeat","background-position":"center center","background-size":"auto","background-attachment":"scroll","background-type":"","background-media":"","overlay-type":"","overlay-color":"","overlay-opacity":"","overlay-gradient":""}},"ast-content-background-meta":{"desktop":{"background-color":"var(--ast-global-color-5)","background-image":"","background-repeat":"repeat","background-position":"center center","background-size":"auto","background-attachment":"scroll","background-type":"","background-media":"","overlay-type":"","overlay-color":"","overlay-opacity":"","overlay-gradient":""},"tablet":{"background-color":"var(--ast-global-color-5)","background-image":"","background-repeat":"repeat","background-position":"center center","background-size":"auto","background-attachment":"scroll","background-type":"","background-media":"","overlay-type":"","overlay-color":"","overlay-opacity":"","overlay-gradient":""},"mobile":{"background-color":"var(--ast-global-color-5)","background-image":"","background-repeat":"repeat","background-position":"center center","background-size":"auto","background-attachment":"scroll","background-type":"","background-media":"","overlay-type":"","overlay-color":"","overlay-opacity":"","overlay-gradient":""}},"_themeisle_gutenberg_block_has_review":false,"footnotes":""},"class_list":["post-3279","page","type-page","status-publish","hentry"],"_links":{"self":[{"href":"https:\/\/latelierduvelo.org\/index.php\/wp-json\/wp\/v2\/pages\/3279","targetHints":{"allow":["GET"]}}],"collection":[{"href":"https:\/\/latelierduvelo.org\/index.php\/wp-json\/wp\/v2\/pages"}],"about":[{"href":"https:\/\/latelierduvelo.org\/index.php\/wp-json\/wp\/v2\/types\/page"}],"author":[{"embeddable":true,"href":"https:\/\/latelierduvelo.org\/index.php\/wp-json\/wp\/v2\/users\/1"}],"replies":[{"embeddable":true,"href":"https:\/\/latelierduvelo.org\/index.php\/wp-json\/wp\/v2\/comments?post=3279"}],"version-history":[{"count":161,"href":"https:\/\/latelierduvelo.org\/index.php\/wp-json\/wp\/v2\/pages\/3279\/revisions"}],"predecessor-version":[{"id":4523,"href":"https:\/\/latelierduvelo.org\/index.php\/wp-json\/wp\/v2\/pages\/3279\/revisions\/4523"}],"wp:attachment":[{"href":"https:\/\/latelierduvelo.org\/index.php\/wp-json\/wp\/v2\/media?parent=3279"}],"curies":[{"name":"wp","href":"https:\/\/api.w.org\/{rel}","templated":true}]}}